{"id":128,"date":"2025-04-25T01:32:04","date_gmt":"2025-04-25T01:32:04","guid":{"rendered":"https:\/\/test.missingcash.org\/?post_type=product&#038;p=128"},"modified":"2025-04-25T01:32:04","modified_gmt":"2025-04-25T01:32:04","slug":"dua-got-dew-drop-shapedv","status":"publish","type":"product","link":"https:\/\/test.missingcash.org\/?product=dua-got-dew-drop-shapedv","title":{"rendered":"D\u1eeba g\u1ecdt Dew-drop-shapedv"},"content":{"rendered":"<p>D\u1eeba Xi\u00eam Xanh g\u1ecdt tr\u1ecdc v\u1edbi ch\u00f3p h\u00ecnh g\u1ecdt s\u01b0\u01a1ng hay h\u00ecnh n\u00f3n nh\u1eb1m b\u1ea3o qu\u1ea3n con m\u1eaft c\u00e1i c\u1ee7a tr\u00e1i D\u1eeba kh\u1ecfi s\u1ef1 t\u00e1c \u0111\u1ed9ng t\u1eeb m\u00f4i tr\u01b0\u1eddn b\u00ean ngo\u00e0i. D\u1eeba Xi\u00eam Xanh thu\u1ea7n ch\u1ee7ng ngon nh\u1ea5t B\u1ebfn Tre v\u1edbi qui tr\u00ecnh tr\u1ed3ng tr\u1ecdt s\u1ea1ch, ch\u0103m s\u00f3c c\u1ea9n th\u1eadn, thu ho\u1ea1ch \u0111\u00fang 07 ng\u00e0y v\u00e0ng, v\u1eadn chuy\u1ec3n nhanh ch\u00f3ng v\u1ec1 nh\u00e0 x\u01b0\u1edfng s\u01a1 ch\u1ebf v\u00e0 g\u1ecdt v\u1ecf nhanh ch\u00f3ng \u0111\u00f3ng g\u00f3i v\u00e0 b\u1ea3o qu\u1ea3n l\u1ea1nh su\u1ed1t trong qu\u00e1 tr\u00ecnh \u0111\u1ebfn tay ng\u01b0\u1eddi ti\u00eau d\u00f9ng. D\u1eeba Xi\u00eam Xanh \u0111\u1ea3m b\u1ea3o ti\u00eau chu\u1ea9n Xanh, S\u1ea1ch, c\u00f3 l\u1ee3i cho S\u1ee9c Kh\u1ecfe.<\/p>\n","protected":false},"excerpt":{"rendered":"<p>D\u1eeba Xi\u00eam Xanh g\u1ecdt tr\u1ecdc v\u1edbi ch\u00f3p h\u00ecnh g\u1ecdt s\u01b0\u01a1ng hay h\u00ecnh n\u00f3n nh\u1eb1m b\u1ea3o qu\u1ea3n con m\u1eaft c\u00e1i c\u1ee7a tr\u00e1i D\u1eeba kh\u1ecfi s\u1ef1 t\u00e1c \u0111\u1ed9ng t\u1eeb m\u00f4i tr\u01b0\u1eddn b\u00ean ngo\u00e0i.<\/p>\n","protected":false},"featured_media":129,"comment_status":"open","ping_status":"closed","template":"","meta":[],"product_brand":[],"product_cat":[18],"product_tag":[22],"class_list":{"0":"post-128","1":"product","2":"type-product","3":"status-publish","4":"has-post-thumbnail","6":"product_cat-detox-giam-can","7":"product_tag-dua","9":"first","10":"instock","11":"shipping-taxable","12":"purchasable","13":"product-type-simple"},"_links":{"self":[{"href":"https:\/\/test.missingcash.org\/index.php?rest_route=\/wp\/v2\/product\/128","targetHints":{"allow":["GET"]}}],"collection":[{"href":"https:\/\/test.missingcash.org\/index.php?rest_route=\/wp\/v2\/product"}],"about":[{"href":"https:\/\/test.missingcash.org\/index.php?rest_route=\/wp\/v2\/types\/product"}],"replies":[{"embeddable":true,"href":"https:\/\/test.missingcash.org\/index.php?rest_route=%2Fwp%2Fv2%2Fcomments&post=128"}],"wp:featuredmedia":[{"embeddable":true,"href":"https:\/\/test.missingcash.org\/index.php?rest_route=\/wp\/v2\/media\/129"}],"wp:attachment":[{"href":"https:\/\/test.missingcash.org\/index.php?rest_route=%2Fwp%2Fv2%2Fmedia&parent=128"}],"wp:term":[{"taxonomy":"product_brand","embeddable":true,"href":"https:\/\/test.missingcash.org\/index.php?rest_route=%2Fwp%2Fv2%2Fproduct_brand&post=128"},{"taxonomy":"product_cat","embeddable":true,"href":"https:\/\/test.missingcash.org\/index.php?rest_route=%2Fwp%2Fv2%2Fproduct_cat&post=128"},{"taxonomy":"product_tag","embeddable":true,"href":"https:\/\/test.missingcash.org\/index.php?rest_route=%2Fwp%2Fv2%2Fproduct_tag&post=128"}],"curies":[{"name":"wp","href":"https:\/\/api.w.org\/{rel}","templated":true}]}}