{"id":78,"date":"2025-04-25T01:28:47","date_gmt":"2025-04-25T01:28:47","guid":{"rendered":"https:\/\/test.missingcash.org\/?post_type=product&#038;p=78"},"modified":"2025-04-25T01:28:47","modified_gmt":"2025-04-25T01:28:47","slug":"dua-got-diamond-shaped","status":"publish","type":"product","link":"https:\/\/test.missingcash.org\/?product=dua-got-diamond-shaped","title":{"rendered":"D\u1eeba g\u1ecdt Diamond-shaped"},"content":{"rendered":"<p>D\u1eeba Xi\u00eam Xanh g\u1ecdt v\u1ecf h\u00ecnh kim c\u01b0\u01a1ng nh\u1eb1m lo\u1ea1i b\u1ecf nh\u1eefng vi sinh v\u1eadt c\u00f3 h\u1ea1i b\u00e1m tr\u00ean v\u1ecf d\u1eeba trong qu\u00e1 tr\u00ecnh thu ho\u1ea1ch v\u00e0 v\u1eadn chuy\u1ec3n v\u1ec1 nh\u00e0 x\u01b0\u1edfng. D\u1eeba Xi\u00eam Xanh thu\u1ea7n ch\u1ee7ng ngon nh\u1ea5t B\u1ebfn Tre v\u1edbi qui tr\u00ecnh tr\u1ed3ng tr\u1ecdt s\u1ea1ch, ch\u0103m s\u00f3c c\u1ea9n th\u1eadn, thu ho\u1ea1ch \u0111\u00fang 07 ng\u00e0y v\u00e0ng, v\u1eadn chuy\u1ec3n nhanh ch\u00f3ng v\u1ec1 nh\u00e0 x\u01b0\u1edfng s\u01a1 ch\u1ebf v\u00e0 g\u1ecdt v\u1ecf nhanh ch\u00f3ng \u0111\u00f3ng g\u00f3i v\u00e0 b\u1ea3o qu\u1ea3n l\u1ea1nh su\u1ed1t trong qu\u00e1 tr\u00ecnh \u0111\u1ebfn tay ng\u01b0\u1eddi ti\u00eau d\u00f9ng. D\u1eeba Xi\u00eam Xanh \u0111\u1ea3m b\u1ea3o ti\u00eau chu\u1ea9n Xanh, S\u1ea1ch, c\u00f3 l\u1ee3i cho S\u1ee9c Kh\u1ecfe. D\u1eeba g\u1ecdt kim c\u01b0\u01a1ng l\u00e0 ki\u1ec3u g\u1ecdt ph\u1ed5 bi\u1ebfn trong xu\u1ea5t kh\u1ea9u D\u1eeba \u0111i c\u00e1c n\u01b0\u1edbc.<\/p>\n","protected":false},"excerpt":{"rendered":"<p>D\u1eeba Xi\u00eam Xanh g\u1ecdt v\u1ecf h\u00ecnh kim c\u01b0\u01a1ng nh\u1eb1m lo\u1ea1i b\u1ecf nh\u1eefng vi sinh v\u1eadt c\u00f3 h\u1ea1i b\u00e1m tr\u00ean v\u1ecf d\u1eeba trong qu\u00e1 tr\u00ecnh thu ho\u1ea1ch v\u00e0 v\u1eadn chuy\u1ec3n v\u1ec1 nh\u00e0 x\u01b0\u1edfng.<\/p>\n","protected":false},"featured_media":127,"comment_status":"open","ping_status":"closed","template":"","meta":[],"product_brand":[],"product_cat":[18],"product_tag":[],"class_list":{"0":"post-78","1":"product","2":"type-product","3":"status-publish","4":"has-post-thumbnail","6":"product_cat-detox-giam-can","8":"first","9":"instock","10":"shipping-taxable","11":"purchasable","12":"product-type-simple"},"_links":{"self":[{"href":"https:\/\/test.missingcash.org\/index.php?rest_route=\/wp\/v2\/product\/78","targetHints":{"allow":["GET"]}}],"collection":[{"href":"https:\/\/test.missingcash.org\/index.php?rest_route=\/wp\/v2\/product"}],"about":[{"href":"https:\/\/test.missingcash.org\/index.php?rest_route=\/wp\/v2\/types\/product"}],"replies":[{"embeddable":true,"href":"https:\/\/test.missingcash.org\/index.php?rest_route=%2Fwp%2Fv2%2Fcomments&post=78"}],"wp:featuredmedia":[{"embeddable":true,"href":"https:\/\/test.missingcash.org\/index.php?rest_route=\/wp\/v2\/media\/127"}],"wp:attachment":[{"href":"https:\/\/test.missingcash.org\/index.php?rest_route=%2Fwp%2Fv2%2Fmedia&parent=78"}],"wp:term":[{"taxonomy":"product_brand","embeddable":true,"href":"https:\/\/test.missingcash.org\/index.php?rest_route=%2Fwp%2Fv2%2Fproduct_brand&post=78"},{"taxonomy":"product_cat","embeddable":true,"href":"https:\/\/test.missingcash.org\/index.php?rest_route=%2Fwp%2Fv2%2Fproduct_cat&post=78"},{"taxonomy":"product_tag","embeddable":true,"href":"https:\/\/test.missingcash.org\/index.php?rest_route=%2Fwp%2Fv2%2Fproduct_tag&post=78"}],"curies":[{"name":"wp","href":"https:\/\/api.w.org\/{rel}","templated":true}]}}